{"id":3022,"date":"2024-07-02T13:49:08","date_gmt":"2024-07-02T11:49:08","guid":{"rendered":"https:\/\/me-kosmetik.ch\/sandbox\/?page_id=3022"},"modified":"2024-07-03T00:59:45","modified_gmt":"2024-07-02T22:59:45","slug":"dermalogica","status":"publish","type":"page","link":"https:\/\/me-kosmetik.ch\/sandbox\/dermalogica\/","title":{"rendered":"Dermalogica"},"content":{"rendered":"<p><div class=\"fusion-fullwidth fullwidth-box fusion-builder-row-1 nonhundred-percent-fullwidth non-hundred-percent-height-scrolling\" style=\"--awb-background-position:left top;--awb-background-repeat:repeat;--awb-border-radius-top-left:0px;--awb-border-radius-top-right:0px;--awb-border-radius-bottom-right:0px;--awb-border-radius-bottom-left:0px;--awb-background-color:rgba(255,255,255,0);--awb-flex-wrap:wrap;\" ><div class=\"fusion-builder-row fusion-row\"><div class=\"fusion-layout-column fusion_builder_column fusion-builder-column-0 fusion_builder_column_1_1 1_1 fusion-one-full fusion-column-first fusion-column-last\" style=\"--awb-bg-image:url(&#039;https:\/\/me-kosmetik.ch\/sandbox\/wp-content\/uploads\/2015\/01\/gris-Kopie-e1498147515573.png&#039;);--awb-bg-repeat:repeat;--awb-border-color:#25325b;--awb-border-top:4px;--awb-border-style:solid;\"><div class=\"fusion-column-wrapper fusion-flex-column-wrapper-legacy fusion-column-has-bg-image\" data-bg-url=\"https:\/\/me-kosmetik.ch\/sandbox\/wp-content\/uploads\/2015\/01\/gris-Kopie-e1498147515573.png\"><div class=\"fusion-sep-clear\"><\/div><div class=\"fusion-separator fusion-full-width-sep\" style=\"margin-left: auto;margin-right: auto;margin-top:22px;margin-bottom:22px;width:100%;\"><\/div><div class=\"fusion-sep-clear\"><\/div><div class=\"fusion-text fusion-text-1\"><h1 style=\"text-align: center;\"><strong>Dermalogica Hautpflege\u00adprodukte mit Beratung<\/strong><\/h1>\n<\/div><div class=\"fusion-sep-clear\"><\/div><div class=\"fusion-separator\" style=\"margin-left: auto;margin-right: auto;margin-top:0px;margin-bottom:40px;width:100%;max-width:50px;\"><div class=\"fusion-separator-border sep-single sep-solid\" style=\"--awb-height:20px;--awb-amount:20px;--awb-sep-color:#e2ceac;border-color:#e2ceac;border-top-width:2px;\"><\/div><\/div><div class=\"fusion-sep-clear\"><\/div><div class=\"fusion-clearfix\"><\/div><\/div><\/div><div class=\"fusion-layout-column fusion_builder_column fusion-builder-column-1 fusion_builder_column_1_1 1_1 fusion-one-full fusion-column-first fusion-column-last\" style=\"--awb-bg-size:cover;\"><div class=\"fusion-column-wrapper fusion-column-has-shadow fusion-flex-column-wrapper-legacy\"><div class=\"fusion-sep-clear\"><\/div><div class=\"fusion-separator fusion-full-width-sep\" style=\"margin-left: auto;margin-right: auto;margin-top:5px;margin-bottom:5px;width:100%;\"><\/div><div class=\"fusion-sep-clear\"><\/div><div class=\"fusion-aligncenter\"><a class=\"fusion-button button-3d button-xlarge button-custom fusion-button-default button-1 fusion-button-default-span \" style=\"--button_bevel_color:#ffffff;--button_accent_color:#ffffff;--button_accent_hover_color:#e2ceac;--button_border_hover_color:#e2ceac;--button_gradient_top_color:#1d2939;--button_gradient_bottom_color:#1d2939;--button_gradient_top_color_hover:#1d2939;--button_gradient_bottom_color_hover:#1d2939;--button_text_transform:uppercase;\" target=\"_blank\" rel=\"noopener noreferrer\" href=\"https:\/\/buchung.treatwell.ch\/ort\/me-kosmetik\/\"><span class=\"fusion-button-icon-divider button-icon-divider-left\"><i class=\"fa-calendar-check fas\" aria-hidden=\"true\"><\/i><\/span><span class=\"fusion-button-text fusion-button-text-left\">ONLINE BUCHEN<\/span><\/a><\/div><div class=\"fusion-clearfix\"><\/div><\/div><\/div><div class=\"fusion-layout-column fusion_builder_column fusion-builder-column-2 fusion_builder_column_1_1 1_1 fusion-one-full fusion-column-first fusion-column-last\" style=\"--awb-bg-size:cover;\"><div class=\"fusion-column-wrapper fusion-column-has-shadow fusion-flex-column-wrapper-legacy\"><div class=\"fusion-sep-clear\"><\/div><div class=\"fusion-separator fusion-full-width-sep\" style=\"margin-left: auto;margin-right: auto;margin-top:5px;margin-bottom:5px;width:100%;\"><\/div><div class=\"fusion-sep-clear\"><\/div><div class=\"fusion-clearfix\"><\/div><\/div><\/div><\/div><\/div><div class=\"fusion-fullwidth fullwidth-box fusion-builder-row-2 hundred-percent-fullwidth non-hundred-percent-height-scrolling fusion-equal-height-columns\" style=\"--awb-background-position:right top;--awb-background-repeat:repeat-y;--awb-border-sizes-top:0px;--awb-border-sizes-bottom:0px;--awb-border-sizes-left:0px;--awb-border-sizes-right:0px;--awb-border-radius-top-left:0px;--awb-border-radius-top-right:0px;--awb-border-radius-bottom-right:0px;--awb-border-radius-bottom-left:0px;--awb-padding-top:0px;--awb-padding-bottom:30px;--awb-margin-bottom:10px;--awb-background-color:#e2ceac;--awb-flex-wrap:wrap;\" ><div class=\"fusion-builder-row fusion-row\"><div class=\"fusion-layout-column fusion_builder_column fusion-builder-column-3 fusion_builder_column_1_4 1_4 fusion-one-fourth fusion-column-first\" style=\"--awb-bg-blend:overlay;--awb-bg-size:cover;width:25%;width:calc(25% - ( ( 4% + 4% ) * 0.25 ) );margin-right: 4%;\"><div class=\"fusion-column-wrapper fusion-flex-column-wrapper-legacy\"><div class=\"fusion-clearfix\"><\/div><\/div><\/div><div class=\"fusion-layout-column fusion_builder_column fusion-builder-column-4 fusion_builder_column_1_2 1_2 fusion-one-half fusion-animated\" style=\"--awb-padding-top:40px;--awb-padding-right:40px;--awb-padding-bottom:20px;--awb-padding-left:10px;--awb-bg-color:#ffffff;--awb-bg-color-hover:#ffffff;--awb-bg-image:url(&#039;https:\/\/me-kosmetik.ch\/sandbox\/wp-content\/uploads\/2015\/02\/fondo-franja.jpg&#039;);--awb-bg-position:right top;--awb-bg-repeat:repeat-y;--awb-border-color:#ebeef1;--awb-border-top:1px;--awb-border-right:1px;--awb-border-bottom:1px;--awb-border-left:1px;--awb-border-style:solid;width:50%;width:calc(50% - ( ( 4% + 4% ) * 0.5 ) );margin-right: 4%;\" data-animationType=\"slideInRight\" data-animationDuration=\"0.4\" data-animationOffset=\"top-into-view\"><div class=\"fusion-column-wrapper fusion-flex-column-wrapper-legacy fusion-column-has-bg-image\" data-bg-url=\"https:\/\/me-kosmetik.ch\/sandbox\/wp-content\/uploads\/2015\/02\/fondo-franja.jpg\"><div class=\"fusion-sep-clear\"><\/div><div class=\"fusion-separator fusion-full-width-sep\" style=\"margin-left: auto;margin-right: auto;margin-top:10px;margin-bottom:10px;width:100%;\"><\/div><div class=\"fusion-sep-clear\"><\/div><div class=\"fusion-content-boxes content-boxes columns row fusion-columns-1 fusion-columns-total-1 fusion-content-boxes-1 content-boxes-icon-on-top content-left\" style=\"--awb-margin-bottom:0px;--awb-hover-accent-color:#cbaa5c;--awb-circle-hover-accent-color:#cbaa5c;--awb-item-margin-bottom:40px;\" data-animationOffset=\"top-into-view\"><div style=\"--awb-backgroundcolor:#ffffff;\" class=\"fusion-column content-box-column content-box-column content-box-column-1 col-lg-12 col-md-12 col-sm-12 fusion-content-box-hover content-box-column-last content-box-column-last-in-row\"><div class=\"col content-box-wrapper content-wrapper-background link-area-box icon-hover-animation-pulsate\" data-animationOffset=\"top-into-view\"><div class=\"heading icon-left\"><h2 class=\"content-box-heading fusion-responsive-typography-calculated\" style=\"--h2_typography-font-size:28px;--fontSize:28;line-height:1.69;\">Dermalogica Hautpflegeprodukte mit professioneller Beratung in der ME Kosmetik<\/h2><\/div><div class=\"fusion-clearfix\"><\/div><div class=\"content-container\"><div class=\"fusion-sep-clear\"><\/div><div class=\"fusion-separator\" style=\"margin-left: auto;margin-right: auto;margin-bottom:30px;width:100%;max-width:50px;\"><div class=\"fusion-separator-border sep-single sep-solid\" style=\"--awb-height:20px;--awb-amount:20px;--awb-sep-color:#e2ceac;border-color:#e2ceac;border-top-width:2px;\"><\/div><\/div><div class=\"fusion-sep-clear\"><\/div>\n<p><span style=\"text-align: left; color: var(--awb-body-color); background-color: var(--awb-backgroundcolor); font-family: var(--body_typography-font-family); font-size: var(--body_typography-font-size); font-style: var(--body_typography-font-style,normal); font-weight: var(--body_typography-font-weight); letter-spacing: var(--body_typography-letter-spacing);\">Hohe Qualit\u00e4t und Ihre Zufriedenheit sind unsere Ma\u00dfst\u00e4be \u2013 das gilt auch f\u00fcr die Auswahl der Produkte die wir in der ME Kosmetik Gesichtsbehandlungen verwenden. Eine sch\u00f6ne Haut ist kein Zufall, sondern das Ergebnis einer optimalen Pflege. Erst wenn jeder Schritt, von der Behandlung bis zu den angewendeten Pflege-Produkten sinnvoll durchdacht ist, lassen sich sichtbare Verbesserungen des Hautbildes erzielen. Wir haben uns daher auf der Suche nach einer Hautpflegelinie gemacht, die den hohen Anforderungen unseres Instituts entspricht. Nach einer gr\u00fcndlichen Marktanalyse und zahlreichen Vergleichen hat ME Kosmetik f\u00fcr die Hautpflegeserie Dermalogica entschieden.<\/span><\/p>\n<\/div><\/div><\/div><div class=\"fusion-clearfix\"><\/div><\/div><div class=\"fusion-clearfix\"><\/div><\/div><\/div><div class=\"fusion-layout-column fusion_builder_column fusion-builder-column-5 fusion_builder_column_1_4 1_4 fusion-one-fourth fusion-column-last\" style=\"--awb-bg-blend:overlay;--awb-bg-size:cover;width:25%;width:calc(25% - ( ( 4% + 4% ) * 0.25 ) );\"><div class=\"fusion-column-wrapper fusion-flex-column-wrapper-legacy\"><div class=\"fusion-clearfix\"><\/div><\/div><\/div><\/div><\/div><div class=\"fusion-fullwidth fullwidth-box fusion-builder-row-3 hundred-percent-fullwidth non-hundred-percent-height-scrolling fusion-equal-height-columns\" style=\"--awb-background-position:right top;--awb-background-repeat:repeat-y;--awb-border-sizes-top:0px;--awb-border-sizes-bottom:0px;--awb-border-sizes-left:0px;--awb-border-sizes-right:0px;--awb-border-radius-top-left:0px;--awb-border-radius-top-right:0px;--awb-border-radius-bottom-right:0px;--awb-border-radius-bottom-left:0px;--awb-padding-top:0px;--awb-padding-bottom:30px;--awb-background-color:#e2ceac;--awb-flex-wrap:wrap;\" ><div class=\"fusion-builder-row fusion-row\"><div class=\"fusion-layout-column fusion_builder_column fusion-builder-column-6 fusion_builder_column_1_2 1_2 fusion-one-half fusion-column-first fusion-animated\" style=\"--awb-padding-top:40px;--awb-padding-right:40px;--awb-padding-bottom:20px;--awb-padding-left:10px;--awb-bg-color:#ffffff;--awb-bg-color-hover:#ffffff;--awb-bg-image:url(&#039;https:\/\/me-kosmetik.ch\/sandbox\/wp-content\/uploads\/2015\/02\/fondo-franja.jpg&#039;);--awb-bg-position:right center;--awb-bg-repeat:repeat-y;--awb-border-color:#ebeef1;--awb-border-top:1px;--awb-border-right:1px;--awb-border-bottom:1px;--awb-border-left:1px;--awb-border-style:solid;width:48%; margin-right: 4%;\" data-animationType=\"slideInLeft\" data-animationDuration=\"0.4\" data-animationOffset=\"top-into-view\"><div class=\"fusion-column-wrapper fusion-flex-column-wrapper-legacy fusion-column-has-bg-image\" data-bg-url=\"https:\/\/me-kosmetik.ch\/sandbox\/wp-content\/uploads\/2015\/02\/fondo-franja.jpg\"><div class=\"fusion-sep-clear\"><\/div><div class=\"fusion-separator fusion-full-width-sep\" style=\"margin-left: auto;margin-right: auto;margin-top:10px;margin-bottom:10px;width:100%;\"><\/div><div class=\"fusion-sep-clear\"><\/div><div class=\"fusion-content-boxes content-boxes columns row fusion-columns-1 fusion-columns-total-1 fusion-content-boxes-2 content-boxes-icon-on-top content-left\" style=\"--awb-margin-bottom:0px;--awb-hover-accent-color:#cbaa5c;--awb-circle-hover-accent-color:#cbaa5c;--awb-item-margin-bottom:40px;\" data-animationOffset=\"top-into-view\"><div style=\"--awb-backgroundcolor:#ffffff;\" class=\"fusion-column content-box-column content-box-column content-box-column-1 col-lg-12 col-md-12 col-sm-12 fusion-content-box-hover content-box-column-last content-box-column-last-in-row\"><div class=\"col content-box-wrapper content-wrapper-background link-area-box icon-hover-animation-pulsate\" data-animationOffset=\"top-into-view\"><div class=\"heading icon-left\"><h2 class=\"content-box-heading fusion-responsive-typography-calculated\" style=\"--h2_typography-font-size:28px;--fontSize:28;line-height:1.69;\">Was steckt hinter den Namen Dermalogica?<\/h2><\/div><div class=\"fusion-clearfix\"><\/div><div class=\"content-container\"><div class=\"fusion-sep-clear\"><\/div><div class=\"fusion-separator\" style=\"margin-left: auto;margin-right: auto;margin-bottom:30px;width:100%;max-width:50px;\"><div class=\"fusion-separator-border sep-single sep-solid\" style=\"--awb-height:20px;--awb-amount:20px;--awb-sep-color:#e2ceac;border-color:#e2ceac;border-top-width:2px;\"><\/div><\/div><div class=\"fusion-sep-clear\"><\/div>\n<p>Der Name Dermalogica steht seit 1986 f\u00fcr hochqualitative Hautpflegeprodukte. Im Mittelpunkt der Produktphilosophie steht die gesunde Haut, denn nur eine gesunde Haut ist auch eine sch\u00f6ne Haut. Daher beinhalten alle Dermalogica-Produkte hochwirksame und reine Inhaltsstoffe. Auf Parabenen, Mikrokunststoffen, Mineral\u00f6le, Alkohol, Lanolin sowie Farb- oder Duftstoffe wird dabei g\u00e4nzlich verzichtet. Des Weiteren werden alle dermatologischen Tests garantiert ohne Tierversuche durchgef\u00fchrt. Ein Ansatz der auch bei uns f\u00fcr Begeisterung sorgt.<\/p>\n<\/div><\/div><\/div><div class=\"fusion-clearfix\"><\/div><\/div><div class=\"fusion-clearfix\"><\/div><\/div><\/div><div class=\"fusion-layout-column fusion_builder_column fusion-builder-column-7 fusion_builder_column_1_2 1_2 fusion-one-half fusion-column-last fusion-animated\" style=\"--awb-padding-top:40px;--awb-padding-right:40px;--awb-padding-bottom:20px;--awb-padding-left:10px;--awb-bg-color:#ffffff;--awb-bg-color-hover:#ffffff;--awb-bg-image:url(&#039;https:\/\/me-kosmetik.ch\/sandbox\/wp-content\/uploads\/2015\/02\/fondo-franja.jpg&#039;);--awb-bg-position:right top;--awb-bg-repeat:repeat-y;--awb-border-color:#ebeef1;--awb-border-top:1px;--awb-border-right:1px;--awb-border-bottom:1px;--awb-border-left:1px;--awb-border-style:solid;width:48%;\" data-animationType=\"slideInRight\" data-animationDuration=\"0.4\" data-animationOffset=\"top-into-view\"><div class=\"fusion-column-wrapper fusion-flex-column-wrapper-legacy fusion-column-has-bg-image\" data-bg-url=\"https:\/\/me-kosmetik.ch\/sandbox\/wp-content\/uploads\/2015\/02\/fondo-franja.jpg\"><div class=\"fusion-sep-clear\"><\/div><div class=\"fusion-separator fusion-full-width-sep\" style=\"margin-left: auto;margin-right: auto;margin-top:10px;margin-bottom:10px;width:100%;\"><\/div><div class=\"fusion-sep-clear\"><\/div><div class=\"fusion-content-boxes content-boxes columns row fusion-columns-1 fusion-columns-total-1 fusion-content-boxes-3 content-boxes-icon-on-top content-left\" style=\"--awb-margin-bottom:0px;--awb-hover-accent-color:#cbaa5c;--awb-circle-hover-accent-color:#cbaa5c;--awb-item-margin-bottom:40px;\" data-animationOffset=\"top-into-view\"><div style=\"--awb-backgroundcolor:#ffffff;\" class=\"fusion-column content-box-column content-box-column content-box-column-1 col-lg-12 col-md-12 col-sm-12 fusion-content-box-hover content-box-column-last content-box-column-last-in-row\"><div class=\"col content-box-wrapper content-wrapper-background link-area-box icon-hover-animation-pulsate\" data-animationOffset=\"top-into-view\"><div class=\"heading icon-left\"><h2 class=\"content-box-heading fusion-responsive-typography-calculated\" style=\"--h2_typography-font-size:28px;--fontSize:28;line-height:1.69;\">Welche Produkte bietet Dermalogica an?<\/h2><\/div><div class=\"fusion-clearfix\"><\/div><div class=\"content-container\"><div class=\"fusion-sep-clear\"><\/div><div class=\"fusion-separator\" style=\"margin-left: auto;margin-right: auto;margin-bottom:30px;width:100%;max-width:50px;\"><div class=\"fusion-separator-border sep-single sep-solid\" style=\"--awb-height:20px;--awb-amount:20px;--awb-sep-color:#e2ceac;border-color:#e2ceac;border-top-width:2px;\"><\/div><\/div><div class=\"fusion-sep-clear\"><\/div>\n<p>Dermalogica bietet f\u00fcr jeden Hauttyp eine die ideale Hautpflegeserie an. Ob empfindliche, reife, oder unreine Haut \u2013 f\u00fcr jeden Hauttyp gibt es die optimale Pflegeprodukte. Alle Produkte lassen sich untereinander mischen und kombinieren. Damit kann auf jedes Hautbed\u00fcrfnis individuell eingegangen werden. Daher finden in der ME Kosmetik bei jeder Neukundin Vorgespr\u00e4che mit Henriett Horvath statt, um sicher zu stellen, dass w\u00e4hrend der Gesichtsbehandlungen die f\u00fcr Ihre Haut geeigneten Pflegeprodukte zum Einsatz kommen.<\/p>\n<\/div><\/div><\/div><div class=\"fusion-clearfix\"><\/div><\/div><div class=\"fusion-clearfix\"><\/div><\/div><\/div><\/div><\/div><div class=\"fusion-fullwidth fullwidth-box fusion-builder-row-4 nonhundred-percent-fullwidth non-hundred-percent-height-scrolling\" style=\"--awb-background-position:left top;--awb-background-repeat:repeat-y;--awb-border-radius-top-left:0px;--awb-border-radius-top-right:0px;--awb-border-radius-bottom-right:0px;--awb-border-radius-bottom-left:0px;--awb-background-color:rgba(255,255,255,0);--awb-flex-wrap:wrap;\" ><div class=\"fusion-builder-row fusion-row\"><div class=\"fusion-layout-column fusion_builder_column fusion-builder-column-8 fusion_builder_column_1_1 1_1 fusion-one-full fusion-column-first fusion-column-last\" style=\"--awb-bg-size:cover;\"><div class=\"fusion-column-wrapper fusion-column-has-shadow fusion-flex-column-wrapper-legacy\"><div class=\"fusion-image-carousel fusion-image-carousel-auto fusion-image-carousel-1 lightbox-enabled\"><div class=\"awb-carousel awb-swiper awb-swiper-carousel\" data-autoplay=\"yes\" data-columns=\"1\" data-itemmargin=\"13\" data-itemwidth=\"180\" data-touchscroll=\"yes\" data-imagesize=\"auto\" style=\"--awb-columns:1;\"><div class=\"swiper-wrapper awb-image-carousel-wrapper fusion-flex-align-items-center\"><div class=\"swiper-slide\"><div class=\"fusion-carousel-item-wrapper\"><div class=\"fusion-image-wrapper hover-type-zoomin\"><img decoding=\"async\" width=\"1000\" height=\"667\" src=\"https:\/\/me-kosmetik.ch\/sandbox\/wp-content\/uploads\/2021\/01\/dermalogica-1.jpg\" class=\"attachment-full size-full\" alt=\"Dermalogica - Daily Skin Health\" srcset=\"https:\/\/me-kosmetik.ch\/sandbox\/wp-content\/uploads\/2021\/01\/dermalogica-1-200x133.jpg 200w, https:\/\/me-kosmetik.ch\/sandbox\/wp-content\/uploads\/2021\/01\/dermalogica-1-300x200.jpg 300w, https:\/\/me-kosmetik.ch\/sandbox\/wp-content\/uploads\/2021\/01\/dermalogica-1-400x267.jpg 400w, https:\/\/me-kosmetik.ch\/sandbox\/wp-content\/uploads\/2021\/01\/dermalogica-1-600x400.jpg 600w, https:\/\/me-kosmetik.ch\/sandbox\/wp-content\/uploads\/2021\/01\/dermalogica-1-768x512.jpg 768w, https:\/\/me-kosmetik.ch\/sandbox\/wp-content\/uploads\/2021\/01\/dermalogica-1-800x534.jpg 800w, https:\/\/me-kosmetik.ch\/sandbox\/wp-content\/uploads\/2021\/01\/dermalogica-1.jpg 1000w\" sizes=\"(max-width: 1000px) 100vw, 1000px\" \/><\/div><\/div><\/div><div class=\"swiper-slide\"><div class=\"fusion-carousel-item-wrapper\"><div class=\"fusion-image-wrapper hover-type-zoomin\"><img decoding=\"async\" width=\"1000\" height=\"667\" src=\"https:\/\/me-kosmetik.ch\/sandbox\/wp-content\/uploads\/2021\/01\/dermalogica-2.jpg\" class=\"attachment-full size-full\" alt=\"Dermalogica - AGE Smart\" srcset=\"https:\/\/me-kosmetik.ch\/sandbox\/wp-content\/uploads\/2021\/01\/dermalogica-2-200x133.jpg 200w, https:\/\/me-kosmetik.ch\/sandbox\/wp-content\/uploads\/2021\/01\/dermalogica-2-300x200.jpg 300w, https:\/\/me-kosmetik.ch\/sandbox\/wp-content\/uploads\/2021\/01\/dermalogica-2-400x267.jpg 400w, https:\/\/me-kosmetik.ch\/sandbox\/wp-content\/uploads\/2021\/01\/dermalogica-2-600x400.jpg 600w, https:\/\/me-kosmetik.ch\/sandbox\/wp-content\/uploads\/2021\/01\/dermalogica-2-768x512.jpg 768w, https:\/\/me-kosmetik.ch\/sandbox\/wp-content\/uploads\/2021\/01\/dermalogica-2-800x534.jpg 800w, https:\/\/me-kosmetik.ch\/sandbox\/wp-content\/uploads\/2021\/01\/dermalogica-2.jpg 1000w\" sizes=\"(max-width: 1000px) 100vw, 1000px\" \/><\/div><\/div><\/div><div class=\"swiper-slide\"><div class=\"fusion-carousel-item-wrapper\"><div class=\"fusion-image-wrapper hover-type-zoomin\"><img decoding=\"async\" width=\"1000\" height=\"667\" src=\"https:\/\/me-kosmetik.ch\/sandbox\/wp-content\/uploads\/2021\/01\/dermalogica-3.jpg\" class=\"attachment-full size-full\" alt=\"Dermalogica - UltraCalming\" srcset=\"https:\/\/me-kosmetik.ch\/sandbox\/wp-content\/uploads\/2021\/01\/dermalogica-3-200x133.jpg 200w, https:\/\/me-kosmetik.ch\/sandbox\/wp-content\/uploads\/2021\/01\/dermalogica-3-300x200.jpg 300w, https:\/\/me-kosmetik.ch\/sandbox\/wp-content\/uploads\/2021\/01\/dermalogica-3-400x267.jpg 400w, https:\/\/me-kosmetik.ch\/sandbox\/wp-content\/uploads\/2021\/01\/dermalogica-3-600x400.jpg 600w, https:\/\/me-kosmetik.ch\/sandbox\/wp-content\/uploads\/2021\/01\/dermalogica-3-768x512.jpg 768w, https:\/\/me-kosmetik.ch\/sandbox\/wp-content\/uploads\/2021\/01\/dermalogica-3-800x534.jpg 800w, https:\/\/me-kosmetik.ch\/sandbox\/wp-content\/uploads\/2021\/01\/dermalogica-3.jpg 1000w\" sizes=\"(max-width: 1000px) 100vw, 1000px\" \/><\/div><\/div><\/div><div class=\"swiper-slide\"><div class=\"fusion-carousel-item-wrapper\"><div class=\"fusion-image-wrapper hover-type-zoomin\"><img decoding=\"async\" width=\"1000\" height=\"667\" src=\"https:\/\/me-kosmetik.ch\/sandbox\/wp-content\/uploads\/2021\/01\/dermalogica-4.jpg\" class=\"attachment-full size-full\" alt=\"Dermalogica\" srcset=\"https:\/\/me-kosmetik.ch\/sandbox\/wp-content\/uploads\/2021\/01\/dermalogica-4-200x133.jpg 200w, https:\/\/me-kosmetik.ch\/sandbox\/wp-content\/uploads\/2021\/01\/dermalogica-4-300x200.jpg 300w, https:\/\/me-kosmetik.ch\/sandbox\/wp-content\/uploads\/2021\/01\/dermalogica-4-400x267.jpg 400w, https:\/\/me-kosmetik.ch\/sandbox\/wp-content\/uploads\/2021\/01\/dermalogica-4-600x400.jpg 600w, https:\/\/me-kosmetik.ch\/sandbox\/wp-content\/uploads\/2021\/01\/dermalogica-4-768x512.jpg 768w, https:\/\/me-kosmetik.ch\/sandbox\/wp-content\/uploads\/2021\/01\/dermalogica-4-800x534.jpg 800w, https:\/\/me-kosmetik.ch\/sandbox\/wp-content\/uploads\/2021\/01\/dermalogica-4.jpg 1000w\" sizes=\"(max-width: 1000px) 100vw, 1000px\" \/><\/div><\/div><\/div><\/div><div class=\"awb-swiper-button awb-swiper-button-prev\"><i class=\"awb-icon-angle-left\" aria-hidden=\"true\"><\/i><\/div><div class=\"awb-swiper-button awb-swiper-button-next\"><i class=\"awb-icon-angle-right\" aria-hidden=\"true\"><\/i><\/div><\/div><\/div><div class=\"fusion-clearfix\"><\/div><\/div><\/div><\/div><\/div><\/p>\n","protected":false},"excerpt":{"rendered":"","protected":false},"author":123,"featured_media":0,"parent":0,"menu_order":0,"comment_status":"closed","ping_status":"closed","template":"100-width.php","meta":{"rank_math_lock_modified_date":false,"footnotes":""},"class_list":["post-3022","page","type-page","status-publish","hentry"],"_links":{"self":[{"href":"https:\/\/me-kosmetik.ch\/sandbox\/wp-json\/wp\/v2\/pages\/3022"}],"collection":[{"href":"https:\/\/me-kosmetik.ch\/sandbox\/wp-json\/wp\/v2\/pages"}],"about":[{"href":"https:\/\/me-kosmetik.ch\/sandbox\/wp-json\/wp\/v2\/types\/page"}],"author":[{"embeddable":true,"href":"https:\/\/me-kosmetik.ch\/sandbox\/wp-json\/wp\/v2\/users\/123"}],"replies":[{"embeddable":true,"href":"https:\/\/me-kosmetik.ch\/sandbox\/wp-json\/wp\/v2\/comments?post=3022"}],"version-history":[{"count":7,"href":"https:\/\/me-kosmetik.ch\/sandbox\/wp-json\/wp\/v2\/pages\/3022\/revisions"}],"predecessor-version":[{"id":3068,"href":"https:\/\/me-kosmetik.ch\/sandbox\/wp-json\/wp\/v2\/pages\/3022\/revisions\/3068"}],"wp:attachment":[{"href":"https:\/\/me-kosmetik.ch\/sandbox\/wp-json\/wp\/v2\/media?parent=3022"}],"curies":[{"name":"wp","href":"https:\/\/api.w.org\/{rel}","templated":true}]}}